{"id":1459,"date":"2016-10-27T16:03:24","date_gmt":"2016-10-27T16:03:24","guid":{"rendered":"http:\/\/goksirlipce.pl\/wp\/?page_id=1459"},"modified":"2025-06-06T09:23:31","modified_gmt":"2025-06-06T07:23:31","slug":"kontakt","status":"publish","type":"page","link":"http:\/\/goksirlipce.pl\/wp\/?page_id=1459","title":{"rendered":"Kontakt"},"content":{"rendered":"<p style=\"text-align: center;\"><strong>&nbsp;<\/strong><\/p>\n<p style=\"text-align: center;\"><strong><span style=\"font-size: 20pt; line-height: 150%;\"><div class='dropshadowboxes-container ' style='width:auto;'>\r\n                            <div class='dropshadowboxes-drop-shadow dropshadowboxes-rounded-corners dropshadowboxes-inside-and-outside-shadow dropshadowboxes-curved dropshadowboxes-curved dropshadowboxes-curved-horizontal-2 dropshadowboxes-effect-default' style=' border: 1px solid #dddddd; height:; background-color:#ffffff;    '>\r\n                            <\/span><\/strong><\/p>\n<p style=\"text-align: center;\"><span style=\"font-size: 14pt;\"><strong>Gminny O\u015brodek Kultury, Sportu i Rekreacji w Lipcach Reymontowskich<\/strong><\/span><br \/>\n<span style=\"font-size: 14pt;\"> ul. Reymonta 24<\/span><br \/>\n<span style=\"font-size: 14pt;\"> 96-127 Lipce Reymontowskie<\/span><\/p>\n<p style=\"text-align: center;\"><span style=\"font-size: 14pt;\">tel. 46 831-61-79<\/span><br \/>\n<span style=\"font-size: 14pt;\"> email: <a href=\"mailto:goksir@op.pl\">goksir@op.pl <\/a><\/span><\/p>\n<p style=\"text-align: center;\"><span style=\"font-size: 14pt;\"><a href=\"mailto:goksir@op.pl\">goksir@lipcereymontowskie.pl<\/a><\/span><\/p>\n<p style=\"text-align: center;\"><span style=\"font-size: 14pt;\">NIP: 836-179-94-54<\/span><\/p>\n<p style=\"text-align: center;\"><span style=\"font-family: georgia, palatino, serif;\">\r\n                            <\/div>\r\n                        <\/div><\/span><span style=\"font-family: georgia, palatino, serif;\"><strong>&nbsp;<\/strong><\/span><span style=\"font-family: georgia, palatino, serif;\"><strong>&nbsp;<\/strong><\/span><\/p>\n<hr>\n<p>&nbsp;<\/p>\n<p style=\"text-align: justify;\"><strong>Obsada pracownicza:<\/strong><\/p>\n<ul class=\"checkbox\">\n<li style=\"text-align: justify;\">Dyrektor \u2013 Edyta Pintara<\/li>\n<li style=\"text-align: justify;\">Instruktor d\/s sportu, G\u0142\u00f3wny ksi\u0119gowy \u2013 S\u0142awomir Supera<\/li>\n<li style=\"text-align: justify;\">Bibliotekarz \u2013 Edyta Pintara<\/li>\n<li style=\"text-align: justify;\">M\u0142. instruktor pracy kulturalno &#8211; o\u015bwiatowej &#8211; Ewelina Klimczyk<\/li>\n<li style=\"text-align: justify;\">Pracownik gospodarczy \u2013 Joanna Urbaniak<\/li>\n<\/ul>\n<p style=\"text-align: justify;\"><strong><br \/>\nGodziny pracy:<\/strong><\/p>\n<ul class=\"star\">\n<li style=\"text-align: justify;\">Poniedzia\u0142ek \u2013 8:00-16:00<\/li>\n<li style=\"text-align: justify;\">Wtorek \u2013 8:00-16:00<\/li>\n<li style=\"text-align: justify;\">\u015aroda \u2013 8:00-16:00<\/li>\n<li style=\"text-align: justify;\">Czwartek \u2013 8:00-16:00<\/li>\n<li style=\"text-align: justify;\">Pi\u0105tek \u2013 8:00-16:00<\/li>\n<\/ul>\n<p style=\"text-align: center;\"><span style=\"font-family: georgia, palatino, serif;\"><strong><span style=\"font-size: 20pt; line-height: 150%;\"><span style=\"font-size: 24pt;\"><em>KONTO:<\/em><\/span><br \/>\n<div class='dropshadowboxes-container ' style='width:auto;'>\r\n                            <div class='dropshadowboxes-drop-shadow dropshadowboxes-rounded-corners dropshadowboxes-inside-and-outside-shadow dropshadowboxes-curved dropshadowboxes-curved dropshadowboxes-curved-horizontal-2 dropshadowboxes-effect-default' style=' border: 1px solid #dddddd; height:; background-color:#ffffff;    '>\r\n                            <\/span><\/strong><\/span><\/p>\n<p><center>Bank Sp\u00f3\u0142dzielczy Ziemi \u0142owickiej O\/Lipce Reymontowskie<br \/>\nNr: 34 9288 1095 1690 1603 2000 0030<br \/>\n<span style=\"font-family: georgia, palatino, serif;\">\r\n                            <\/div>\r\n                        <\/div><\/span><span style=\"font-family: georgia, palatino, serif;\"><strong>&nbsp;<\/strong><\/span><span style=\"font-family: georgia, palatino, serif;\"><strong>&nbsp;<\/strong><\/span><\/center>&nbsp;<\/p>\n","protected":false},"excerpt":{"rendered":"<p>&nbsp; &nbsp;&nbsp; &nbsp; Obsada pracownicza: Dyrektor \u2013 Edyta Pintara Instruktor d\/s sportu, G\u0142\u00f3wny ksi\u0119gowy \u2013 S\u0142awomir Supera Bibliotekarz \u2013 Edyta Pintara M\u0142. instruktor pracy kulturalno &#8211; o\u015bwiatowej &#8211; Ewelina Klimczyk [&hellip;]<\/p>\n","protected":false},"author":1,"featured_media":0,"parent":0,"menu_order":0,"comment_status":"closed","ping_status":"closed","template":"","meta":{"ngg_post_thumbnail":0},"_links":{"self":[{"href":"http:\/\/goksirlipce.pl\/wp\/index.php?rest_route=\/wp\/v2\/pages\/1459"}],"collection":[{"href":"http:\/\/goksirlipce.pl\/wp\/index.php?rest_route=\/wp\/v2\/pages"}],"about":[{"href":"http:\/\/goksirlipce.pl\/wp\/index.php?rest_route=\/wp\/v2\/types\/page"}],"author":[{"embeddable":true,"href":"http:\/\/goksirlipce.pl\/wp\/index.php?rest_route=\/wp\/v2\/users\/1"}],"replies":[{"embeddable":true,"href":"http:\/\/goksirlipce.pl\/wp\/index.php?rest_route=%2Fwp%2Fv2%2Fcomments&post=1459"}],"version-history":[{"count":11,"href":"http:\/\/goksirlipce.pl\/wp\/index.php?rest_route=\/wp\/v2\/pages\/1459\/revisions"}],"predecessor-version":[{"id":14461,"href":"http:\/\/goksirlipce.pl\/wp\/index.php?rest_route=\/wp\/v2\/pages\/1459\/revisions\/14461"}],"wp:attachment":[{"href":"http:\/\/goksirlipce.pl\/wp\/index.php?rest_route=%2Fwp%2Fv2%2Fmedia&parent=1459"}],"curies":[{"name":"wp","href":"https:\/\/api.w.org\/{rel}","templated":true}]}}